{"id":1928,"date":"2026-02-05T15:54:39","date_gmt":"2026-02-05T14:54:39","guid":{"rendered":"https:\/\/babilon.ba\/?page_id=1928"},"modified":"2026-04-17T12:40:53","modified_gmt":"2026-04-17T10:40:53","slug":"nas-tim","status":"publish","type":"page","link":"https:\/\/babilon.ba\/en\/nas-tim\/","title":{"rendered":"Our team"},"content":{"rendered":"<div data-elementor-type=\"wp-page\" data-elementor-id=\"1928\" class=\"elementor elementor-1928\">\n\t\t\t\t<div class=\"elementor-element elementor-element-fc5c223 e-flex e-con-boxed e-con e-parent\" data-id=\"fc5c223\" data-element_type=\"container\" data-e-type=\"container\" data-settings=\"{&quot;background_background&quot;:&quot;gradient&quot;}\">\n\t\t\t\t\t<div class=\"e-con-inner\">\n\t\t<div class=\"elementor-element elementor-element-db63bf1 e-con-full e-flex e-con e-child\" data-id=\"db63bf1\" data-element_type=\"container\" data-e-type=\"container\">\n\t\t<div class=\"elementor-element elementor-element-49f190e e-grid e-con-full e-con e-child\" data-id=\"49f190e\" data-element_type=\"container\" data-e-type=\"container\">\n\t\t\t\t<div class=\"elementor-element elementor-element-f50a54b elementor-widget-divider--view-line_text elementor-widget-divider--element-align-left elementor-widget elementor-widget-divider\" data-id=\"f50a54b\" data-element_type=\"widget\" data-e-type=\"widget\" data-widget_type=\"divider.default\">\n\t\t\t\t\t\t\t<div class=\"elementor-divider\">\n\t\t\t<span class=\"elementor-divider-separator\">\n\t\t\t\t\t\t\t<span class=\"elementor-divider__text elementor-divider__element\">\n\t\t\t\tNA\u0160 TIM\t\t\t\t<\/span>\n\t\t\t\t\t\t<\/span>\n\t\t<\/div>\n\t\t\t\t\t\t<\/div>\n\t\t\t\t<div class=\"elementor-element elementor-element-039fbd6 elementor-widget elementor-widget-image\" data-id=\"039fbd6\" data-element_type=\"widget\" data-e-type=\"widget\" data-widget_type=\"image.default\">\n\t\t\t\t\t\t\t\t\t\t\t\t\t\t\t<img fetchpriority=\"high\" decoding=\"async\" width=\"1213\" height=\"1250\" src=\"https:\/\/babilon.ba\/wp-content\/uploads\/Babilon-vektor.png\" class=\"attachment-full size-full wp-image-1798\" alt=\"\" srcset=\"https:\/\/babilon.ba\/wp-content\/uploads\/Babilon-vektor.png 1213w, https:\/\/babilon.ba\/wp-content\/uploads\/Babilon-vektor-485x500.png 485w, https:\/\/babilon.ba\/wp-content\/uploads\/Babilon-vektor-994x1024.png 994w, https:\/\/babilon.ba\/wp-content\/uploads\/Babilon-vektor-768x791.png 768w, https:\/\/babilon.ba\/wp-content\/uploads\/Babilon-vektor-12x12.png 12w, https:\/\/babilon.ba\/wp-content\/uploads\/Babilon-vektor-120x124.png 120w\" sizes=\"(max-width: 1213px) 100vw, 1213px\" \/>\t\t\t\t\t\t\t\t\t\t\t\t\t\t\t<\/div>\n\t\t\t\t<\/div>\n\t\t\t\t<\/div>\n\t\t\t\t\t<\/div>\n\t\t\t\t<\/div>\n\t\t\t\t<section class=\"elementor-section elementor-top-section elementor-element elementor-element-9v8888k elementor-section-boxed elementor-section-height-default elementor-section-height-default\" data-id=\"9v8888k\" data-element_type=\"section\" data-e-type=\"section\" data-settings=\"{&quot;background_background&quot;:&quot;gradient&quot;}\">\n\t\t\t\t\t\t<div class=\"elementor-container elementor-column-gap-default\">\n\t\t\t\t\t<div class=\"elementor-column elementor-col-50 elementor-top-column elementor-element elementor-element-fbde4a3\" data-id=\"fbde4a3\" data-element_type=\"column\" data-e-type=\"column\">\n\t\t\t<div class=\"elementor-widget-wrap elementor-element-populated\">\n\t\t\t\t\t\t<div class=\"elementor-element elementor-element-c4bcfd7 elementor-widget elementor-widget-image\" data-id=\"c4bcfd7\" data-element_type=\"widget\" data-e-type=\"widget\" data-widget_type=\"image.default\">\n\t\t\t\t\t\t\t\t\t\t\t\t<figure class=\"wp-caption\">\n\t\t\t\t\t\t\t\t\t\t<img decoding=\"async\" width=\"250\" height=\"250\" src=\"https:\/\/babilon.ba\/wp-content\/uploads\/Emir-Kovcic.png\" class=\"elementor-animation-shrink attachment-full size-full wp-image-10003\" alt=\"\" \/>\t\t\t\t\t\t\t\t\t\t\t<figcaption class=\"widget-image-caption wp-caption-text\"><\/figcaption>\n\t\t\t\t\t\t\t\t\t\t<\/figure>\n\t\t\t\t\t\t\t\t\t<\/div>\n\t\t\t\t<div class=\"elementor-element elementor-element-d9d5369 elementor-widget elementor-widget-heading\" data-id=\"d9d5369\" data-element_type=\"widget\" data-e-type=\"widget\" data-widget_type=\"heading.default\">\n\t\t\t\t\t<h4 class=\"elementor-heading-title elementor-size-default\">Emir Kov\u010di\u0107<\/h4>\t\t\t\t<\/div>\n\t\t\t\t<div class=\"elementor-element elementor-element-b7cd818 elementor-widget elementor-widget-heading\" data-id=\"b7cd818\" data-element_type=\"widget\" data-e-type=\"widget\" data-widget_type=\"heading.default\">\n\t\t\t\t\t<p class=\"elementor-heading-title elementor-size-default\">Generalni direktor\/CEO<\/p>\t\t\t\t<\/div>\n\t\t\t\t<div class=\"elementor-element elementor-element-809e171 elementor-widget elementor-widget-heading\" data-id=\"809e171\" data-element_type=\"widget\" data-e-type=\"widget\" data-widget_type=\"heading.default\">\n\t\t\t\t\t<p class=\"elementor-heading-title elementor-size-default\"><span style=\"font-size: 15.504px\">emirkovcic@babilon.ba<\/span><\/p>\t\t\t\t<\/div>\n\t\t<div class=\"elementor-element elementor-element-30564ca e-grid e-con-boxed e-con e-parent\" data-id=\"30564ca\" data-element_type=\"container\" data-e-type=\"container\">\n\t\t\t\t\t<div class=\"e-con-inner\">\n\t\t<div class=\"elementor-element elementor-element-1814058 e-con-full e-flex e-con e-child\" data-id=\"1814058\" data-element_type=\"container\" data-e-type=\"container\">\n\t\t\t\t<div class=\"elementor-element elementor-element-ed100b4 elementor-widget elementor-widget-image\" data-id=\"ed100b4\" data-element_type=\"widget\" data-e-type=\"widget\" data-widget_type=\"image.default\">\n\t\t\t\t\t\t\t\t\t\t\t\t\t\t\t<img decoding=\"async\" width=\"250\" height=\"250\" src=\"https:\/\/babilon.ba\/wp-content\/uploads\/Nermin-Balvanovic.png\" class=\"elementor-animation-shrink attachment-full size-full wp-image-10005\" alt=\"\" \/>\t\t\t\t\t\t\t\t\t\t\t\t\t\t\t<\/div>\n\t\t\t\t<div class=\"elementor-element elementor-element-241f74d elementor-widget elementor-widget-heading\" data-id=\"241f74d\" data-element_type=\"widget\" data-e-type=\"widget\" data-widget_type=\"heading.default\">\n\t\t\t\t\t<h4 class=\"elementor-heading-title elementor-size-default\">Nermin Balvanovi\u0107<\/h4>\t\t\t\t<\/div>\n\t\t\t\t<div class=\"elementor-element elementor-element-8de127d elementor-widget elementor-widget-heading\" data-id=\"8de127d\" data-element_type=\"widget\" data-e-type=\"widget\" data-widget_type=\"heading.default\">\n\t\t\t\t\t<p class=\"elementor-heading-title elementor-size-default\">Izvr\u0161ni direktor za\nproizvodnju tapaciranog namje\u0161taja\n(sektor Imagine Sofa)<\/p>\t\t\t\t<\/div>\n\t\t\t\t<div class=\"elementor-element elementor-element-3dc92fa elementor-widget elementor-widget-heading\" data-id=\"3dc92fa\" data-element_type=\"widget\" data-e-type=\"widget\" data-widget_type=\"heading.default\">\n\t\t\t\t\t<p class=\"elementor-heading-title elementor-size-default\">nerminb_imagine@babilon.ba<\/p>\t\t\t\t<\/div>\n\t\t\t\t<\/div>\n\t\t<div class=\"elementor-element elementor-element-db3b8f1 e-con-full e-flex e-con e-child\" data-id=\"db3b8f1\" data-element_type=\"container\" data-e-type=\"container\">\n\t\t\t\t<div class=\"elementor-element elementor-element-a13b4ba elementor-widget elementor-widget-image\" data-id=\"a13b4ba\" data-element_type=\"widget\" data-e-type=\"widget\" data-widget_type=\"image.default\">\n\t\t\t\t\t\t\t\t\t\t\t\t\t\t\t<img loading=\"lazy\" decoding=\"async\" width=\"250\" height=\"250\" src=\"https:\/\/babilon.ba\/wp-content\/uploads\/Adnan-Omercevic.png\" class=\"elementor-animation-shrink attachment-full size-full wp-image-10001\" alt=\"\" \/>\t\t\t\t\t\t\t\t\t\t\t\t\t\t\t<\/div>\n\t\t\t\t<div class=\"elementor-element elementor-element-a75c4bc elementor-widget elementor-widget-heading\" data-id=\"a75c4bc\" data-element_type=\"widget\" data-e-type=\"widget\" data-widget_type=\"heading.default\">\n\t\t\t\t\t<h4 class=\"elementor-heading-title elementor-size-default\">Adnan Omer\u010devi\u0107<\/h4>\t\t\t\t<\/div>\n\t\t\t\t<div class=\"elementor-element elementor-element-ddada5b elementor-widget elementor-widget-heading\" data-id=\"ddada5b\" data-element_type=\"widget\" data-e-type=\"widget\" data-widget_type=\"heading.default\">\n\t\t\t\t\t<p class=\"elementor-heading-title elementor-size-default\">Menad\u017eer\/rukovodilac\nsalona namje\u0161taja\n(poslovna jedinica B-centar)<\/p>\t\t\t\t<\/div>\n\t\t\t\t<div class=\"elementor-element elementor-element-025d443 elementor-widget elementor-widget-heading\" data-id=\"025d443\" data-element_type=\"widget\" data-e-type=\"widget\" data-widget_type=\"heading.default\">\n\t\t\t\t\t<p class=\"elementor-heading-title elementor-size-default\">bcentar@babilon.ba<\/p>\t\t\t\t<\/div>\n\t\t\t\t<\/div>\n\t\t\t\t\t<\/div>\n\t\t\t\t<\/div>\n\t\t\t\t\t<\/div>\n\t\t<\/div>\n\t\t\t\t<div class=\"elementor-column elementor-col-50 elementor-top-column elementor-element elementor-element-ad2ef58\" data-id=\"ad2ef58\" data-element_type=\"column\" data-e-type=\"column\">\n\t\t\t<div class=\"elementor-widget-wrap elementor-element-populated\">\n\t\t\t\t<div class=\"elementor-element elementor-element-36f0472 e-grid e-con-boxed e-con e-parent\" data-id=\"36f0472\" data-element_type=\"container\" data-e-type=\"container\">\n\t\t\t\t\t<div class=\"e-con-inner\">\n\t\t<div class=\"elementor-element elementor-element-983645f e-con-full e-flex e-con e-child\" data-id=\"983645f\" data-element_type=\"container\" data-e-type=\"container\">\n\t\t\t\t<div class=\"elementor-element elementor-element-c702bfe elementor-widget elementor-widget-image\" data-id=\"c702bfe\" data-element_type=\"widget\" data-e-type=\"widget\" data-widget_type=\"image.default\">\n\t\t\t\t\t\t\t\t\t\t\t\t\t\t\t<img loading=\"lazy\" decoding=\"async\" width=\"250\" height=\"250\" src=\"https:\/\/babilon.ba\/wp-content\/uploads\/Ismeta-Omercevic.png\" class=\"elementor-animation-shrink attachment-full size-full wp-image-10004\" alt=\"\" \/>\t\t\t\t\t\t\t\t\t\t\t\t\t\t\t<\/div>\n\t\t\t\t<div class=\"elementor-element elementor-element-b976085 elementor-widget elementor-widget-heading\" data-id=\"b976085\" data-element_type=\"widget\" data-e-type=\"widget\" data-widget_type=\"heading.default\">\n\t\t\t\t\t<h4 class=\"elementor-heading-title elementor-size-default\">Ismeta\nOmer\u010devi\u0107<\/h4>\t\t\t\t<\/div>\n\t\t\t\t<div class=\"elementor-element elementor-element-7bd8c03 elementor-widget elementor-widget-heading\" data-id=\"7bd8c03\" data-element_type=\"widget\" data-e-type=\"widget\" data-widget_type=\"heading.default\">\n\t\t\t\t\t<p class=\"elementor-heading-title elementor-size-default\">Izvr\u0161ni direktor za internu kontrolu, ljudske resurse i biznis<\/p>\t\t\t\t<\/div>\n\t\t\t\t<div class=\"elementor-element elementor-element-71c3289 elementor-widget elementor-widget-heading\" data-id=\"71c3289\" data-element_type=\"widget\" data-e-type=\"widget\" data-widget_type=\"heading.default\">\n\t\t\t\t\t<p class=\"elementor-heading-title elementor-size-default\">ismeta.omercevic@babilon.ba<\/p>\t\t\t\t<\/div>\n\t\t\t\t<\/div>\n\t\t<div class=\"elementor-element elementor-element-fc549b0 e-con-full e-flex e-con e-child\" data-id=\"fc549b0\" data-element_type=\"container\" data-e-type=\"container\">\n\t\t\t\t<div class=\"elementor-element elementor-element-7885cd7 elementor-widget elementor-widget-image\" data-id=\"7885cd7\" data-element_type=\"widget\" data-e-type=\"widget\" data-widget_type=\"image.default\">\n\t\t\t\t\t\t\t\t\t\t\t\t\t\t\t<img loading=\"lazy\" decoding=\"async\" width=\"250\" height=\"250\" src=\"https:\/\/babilon.ba\/wp-content\/uploads\/Admir-Jasarevic.png\" class=\"elementor-animation-shrink attachment-full size-full wp-image-10000\" alt=\"\" \/>\t\t\t\t\t\t\t\t\t\t\t\t\t\t\t<\/div>\n\t\t\t\t<div class=\"elementor-element elementor-element-86baf36 elementor-widget elementor-widget-heading\" data-id=\"86baf36\" data-element_type=\"widget\" data-e-type=\"widget\" data-widget_type=\"heading.default\">\n\t\t\t\t\t<h4 class=\"elementor-heading-title elementor-size-default\">Admir Ja\u0161arevi\u0107<\/h4>\t\t\t\t<\/div>\n\t\t\t\t<div class=\"elementor-element elementor-element-c9343c9 elementor-widget elementor-widget-heading\" data-id=\"c9343c9\" data-element_type=\"widget\" data-e-type=\"widget\" data-widget_type=\"heading.default\">\n\t\t\t\t\t<p class=\"elementor-heading-title elementor-size-default\">Izvr\u0161ni direktor za uvoz i distribuciju (sektor B-repromaterijali)<\/p>\t\t\t\t<\/div>\n\t\t\t\t<div class=\"elementor-element elementor-element-89b1919 elementor-widget elementor-widget-heading\" data-id=\"89b1919\" data-element_type=\"widget\" data-e-type=\"widget\" data-widget_type=\"heading.default\">\n\t\t\t\t\t<p class=\"elementor-heading-title elementor-size-default\">admirjasarevic@babilon.ba<\/p>\t\t\t\t<\/div>\n\t\t\t\t<\/div>\n\t\t<div class=\"elementor-element elementor-element-5c35743 e-con-full e-flex e-con e-child\" data-id=\"5c35743\" data-element_type=\"container\" data-e-type=\"container\">\n\t\t\t\t<div class=\"elementor-element elementor-element-e8caf34 elementor-widget elementor-widget-image\" data-id=\"e8caf34\" data-element_type=\"widget\" data-e-type=\"widget\" data-widget_type=\"image.default\">\n\t\t\t\t\t\t\t\t\t\t\t\t\t\t\t<img loading=\"lazy\" decoding=\"async\" width=\"250\" height=\"250\" src=\"https:\/\/babilon.ba\/wp-content\/uploads\/Selma-Duranovic.png\" class=\"elementor-animation-shrink attachment-full size-full wp-image-10006\" alt=\"\" \/>\t\t\t\t\t\t\t\t\t\t\t\t\t\t\t<\/div>\n\t\t\t\t<div class=\"elementor-element elementor-element-11fbc89 elementor-widget elementor-widget-heading\" data-id=\"11fbc89\" data-element_type=\"widget\" data-e-type=\"widget\" data-widget_type=\"heading.default\">\n\t\t\t\t\t<h4 class=\"elementor-heading-title elementor-size-default\">Selma\nDuranovi\u0107<\/h4>\t\t\t\t<\/div>\n\t\t\t\t<div class=\"elementor-element elementor-element-026f135 elementor-widget elementor-widget-heading\" data-id=\"026f135\" data-element_type=\"widget\" data-e-type=\"widget\" data-widget_type=\"heading.default\">\n\t\t\t\t\t<p class=\"elementor-heading-title elementor-size-default\">Izvr\u0161ni direktor za\nfinansije i ra\u010dunovodstvo<\/p>\t\t\t\t<\/div>\n\t\t\t\t<div class=\"elementor-element elementor-element-7cf16f2 elementor-widget elementor-widget-heading\" data-id=\"7cf16f2\" data-element_type=\"widget\" data-e-type=\"widget\" data-widget_type=\"heading.default\">\n\t\t\t\t\t<p class=\"elementor-heading-title elementor-size-default\">racunovodstvo@babilon.ba<\/p>\t\t\t\t<\/div>\n\t\t\t\t<\/div>\n\t\t<div class=\"elementor-element elementor-element-9d27ff0 e-con-full e-flex e-con e-child\" data-id=\"9d27ff0\" data-element_type=\"container\" data-e-type=\"container\">\n\t\t\t\t<div class=\"elementor-element elementor-element-9635b7f elementor-widget elementor-widget-image\" data-id=\"9635b7f\" data-element_type=\"widget\" data-e-type=\"widget\" data-widget_type=\"image.default\">\n\t\t\t\t\t\t\t\t\t\t\t\t\t\t\t<img loading=\"lazy\" decoding=\"async\" width=\"250\" height=\"250\" src=\"https:\/\/babilon.ba\/wp-content\/uploads\/Damir-Osmanbegovic.png\" class=\"elementor-animation-shrink attachment-full size-full wp-image-10002\" alt=\"\" \/>\t\t\t\t\t\t\t\t\t\t\t\t\t\t\t<\/div>\n\t\t\t\t<div class=\"elementor-element elementor-element-36b45a8 elementor-widget elementor-widget-heading\" data-id=\"36b45a8\" data-element_type=\"widget\" data-e-type=\"widget\" data-widget_type=\"heading.default\">\n\t\t\t\t\t<h4 class=\"elementor-heading-title elementor-size-default\">Damir Osmanbegovi\u0107<\/h4>\t\t\t\t<\/div>\n\t\t\t\t<div class=\"elementor-element elementor-element-fdc88b4 elementor-widget elementor-widget-heading\" data-id=\"fdc88b4\" data-element_type=\"widget\" data-e-type=\"widget\" data-widget_type=\"heading.default\">\n\t\t\t\t\t<p class=\"elementor-heading-title elementor-size-default\">Izvr\u0161ni direktor za proizvodnju\ni opremanje\n(sektor B-design)<\/p>\t\t\t\t<\/div>\n\t\t\t\t<div class=\"elementor-element elementor-element-85831b8 elementor-widget elementor-widget-heading\" data-id=\"85831b8\" data-element_type=\"widget\" data-e-type=\"widget\" data-widget_type=\"heading.default\">\n\t\t\t\t\t<p class=\"elementor-heading-title elementor-size-default\">damir_bdesign@babilon.ba<\/p>\t\t\t\t<\/div>\n\t\t\t\t<\/div>\n\t\t\t\t\t<\/div>\n\t\t\t\t<\/div>\n\t\t\t\t\t<\/div>\n\t\t<\/div>\n\t\t\t\t\t<\/div>\n\t\t<\/section>\n\t\t\t\t<section class=\"elementor-section elementor-top-section elementor-element elementor-element-zp65xdn elementor-section-content-middle elementor-section-boxed elementor-section-height-default elementor-section-height-default\" data-id=\"zp65xdn\" data-element_type=\"section\" data-e-type=\"section\" data-settings=\"{&quot;background_background&quot;:&quot;classic&quot;}\">\n\t\t\t\t\t\t\t<div class=\"elementor-background-overlay\"><\/div>\n\t\t\t\t\t\t\t<div class=\"elementor-container elementor-column-gap-default\">\n\t\t\t\t\t<div class=\"elementor-column elementor-col-50 elementor-top-column elementor-element elementor-element-43c79be\" data-id=\"43c79be\" data-element_type=\"column\" data-e-type=\"column\">\n\t\t\t<div class=\"elementor-widget-wrap elementor-element-populated\">\n\t\t\t\t\t\t<div class=\"elementor-element elementor-element-9535984 elementor-widget elementor-widget-image\" data-id=\"9535984\" data-element_type=\"widget\" data-e-type=\"widget\" data-widget_type=\"image.default\">\n\t\t\t\t\t\t\t\t\t\t\t\t\t\t\t<img loading=\"lazy\" decoding=\"async\" width=\"150\" height=\"150\" src=\"https:\/\/babilon.ba\/wp-content\/uploads\/bego-150x150-1.jpg\" class=\"attachment-large size-large wp-image-1854\" alt=\"\" \/>\t\t\t\t\t\t\t\t\t\t\t\t\t\t\t<\/div>\n\t\t\t\t<div class=\"elementor-element elementor-element-157ada7 elementor-widget elementor-widget-heading\" data-id=\"157ada7\" data-element_type=\"widget\" data-e-type=\"widget\" data-widget_type=\"heading.default\">\n\t\t\t\t\t<h3 class=\"elementor-heading-title elementor-size-medium\">prof. dr. Bego Omer\u010devi\u0107\n<\/h3>\t\t\t\t<\/div>\n\t\t\t\t<div class=\"elementor-element elementor-element-d7ecf1d elementor-widget elementor-widget-heading\" data-id=\"d7ecf1d\" data-element_type=\"widget\" data-e-type=\"widget\" data-widget_type=\"heading.default\">\n\t\t\t\t\t<h3 class=\"elementor-heading-title elementor-size-medium\">Osniva\u010d<\/h3>\t\t\t\t<\/div>\n\t\t\t\t\t<\/div>\n\t\t<\/div>\n\t\t\t\t<div class=\"elementor-column elementor-col-50 elementor-top-column elementor-element elementor-element-64ee59e\" data-id=\"64ee59e\" data-element_type=\"column\" data-e-type=\"column\">\n\t\t\t<div class=\"elementor-widget-wrap elementor-element-populated\">\n\t\t\t\t\t\t<div class=\"elementor-element elementor-element-10bbd32 elementor-widget elementor-widget-hfe-counter\" data-id=\"10bbd32\" data-element_type=\"widget\" data-e-type=\"widget\" data-widget_type=\"hfe-counter.default\">\n\t\t\t\t<div class=\"elementor-widget-container\">\n\t\t\t\t\t\n\t\t<div class=\"hfe-counter-wrapper\">\n\t\t\t<h1 class=\"hfe-counter-title\">BROJ RADNIKA <\/h1>\t\t\t<div class=\"hfe-counter-content\">\n\t\t\t\t<span class=\"hfe-counter-prefix\"><\/span>\n\t\t\t\t<span class=\"hfe-counter-number\" data-start=\"20\" data-end=\"230\" data-speed=\"3000\" data-separator=\",\">20<\/span>\n\t\t\t\t<span class=\"hfe-counter-suffix\"><\/span>\n\t\t\t<\/div>\n\t\t<\/div>\n\t\t\t\t\t\t<\/div>\n\t\t\t\t<\/div>\n\t\t\t\t<div class=\"elementor-element elementor-element-efda2b7 elementor-widget elementor-widget-hfe-counter\" data-id=\"efda2b7\" data-element_type=\"widget\" data-e-type=\"widget\" data-widget_type=\"hfe-counter.default\">\n\t\t\t\t<div class=\"elementor-widget-container\">\n\t\t\t\t\t\n\t\t<div class=\"hfe-counter-wrapper\">\n\t\t\t<h1 class=\"hfe-counter-title\">GODINA POSLOVANJA<\/h1>\t\t\t<div class=\"hfe-counter-content\">\n\t\t\t\t<span class=\"hfe-counter-prefix\"><\/span>\n\t\t\t\t<span class=\"hfe-counter-number\" data-start=\"1\" data-end=\"30\" data-speed=\"3000\" data-separator=\",\">1<\/span>\n\t\t\t\t<span class=\"hfe-counter-suffix\"><\/span>\n\t\t\t<\/div>\n\t\t<\/div>\n\t\t\t\t\t\t<\/div>\n\t\t\t\t<\/div>\n\t\t\t\t<div class=\"elementor-element elementor-element-e774f51 elementor-widget elementor-widget-hfe-counter\" data-id=\"e774f51\" data-element_type=\"widget\" data-e-type=\"widget\" data-widget_type=\"hfe-counter.default\">\n\t\t\t\t<div class=\"elementor-widget-container\">\n\t\t\t\t\t\n\t\t<div class=\"hfe-counter-wrapper\">\n\t\t\t<h1 class=\"hfe-counter-title\">SEKTORA POSLOVANJA<\/h1>\t\t\t<div class=\"hfe-counter-content\">\n\t\t\t\t<span class=\"hfe-counter-prefix\"><\/span>\n\t\t\t\t<span class=\"hfe-counter-number\" data-start=\"1\" data-end=\"5\" data-speed=\"3000\" data-separator=\",\">1<\/span>\n\t\t\t\t<span class=\"hfe-counter-suffix\"><\/span>\n\t\t\t<\/div>\n\t\t<\/div>\n\t\t\t\t\t\t<\/div>\n\t\t\t\t<\/div>\n\t\t\t\t<div class=\"elementor-element elementor-element-b257f4a elementor-widget elementor-widget-hfe-counter\" data-id=\"b257f4a\" data-element_type=\"widget\" data-e-type=\"widget\" data-widget_type=\"hfe-counter.default\">\n\t\t\t\t<div class=\"elementor-widget-container\">\n\t\t\t\t\t\n\t\t<div class=\"hfe-counter-wrapper\">\n\t\t\t<h1 class=\"hfe-counter-title\">POSLOVNIH JEDINICA<\/h1>\t\t\t<div class=\"hfe-counter-content\">\n\t\t\t\t<span class=\"hfe-counter-prefix\"><\/span>\n\t\t\t\t<span class=\"hfe-counter-number\" data-start=\"1\" data-end=\"15\" data-speed=\"3000\" data-separator=\",\">1<\/span>\n\t\t\t\t<span class=\"hfe-counter-suffix\"><\/span>\n\t\t\t<\/div>\n\t\t<\/div>\n\t\t\t\t\t\t<\/div>\n\t\t\t\t<\/div>\n\t\t\t\t\t<\/div>\n\t\t<\/div>\n\t\t\t\t\t<\/div>\n\t\t<\/section>\n\t\t\t\t<\/div>","protected":false},"excerpt":{"rendered":"<p>NA\u0160 TIM Emir Kov\u010di\u0107 Generalni direktor\/CEO emirkovcic@babilon.ba Nermin Balvanovi\u0107 Izvr\u0161ni direktor za proizvodnju tapaciranog namje\u0161taja (sektor Imagine Sofa) nerminb_imagine@babilon.ba Adnan Omer\u010devi\u0107 Menad\u017eer\/rukovodilac salona namje\u0161taja (poslovna jedinica B-centar) bcentar@babilon.ba Ismeta Omer\u010devi\u0107 Izvr\u0161ni direktor za internu kontrolu, ljudske resurse i biznis ismeta.omercevic@babilon.ba Admir Ja\u0161arevi\u0107 Izvr\u0161ni direktor za uvoz i distribuciju (sektor B-repromaterijali) admirjasarevic@babilon.ba Selma Duranovi\u0107 Izvr\u0161ni direktor [&hellip;]<\/p>\n","protected":false},"author":3,"featured_media":0,"parent":0,"menu_order":0,"comment_status":"closed","ping_status":"closed","template":"","meta":{"site-sidebar-layout":"no-sidebar","site-content-layout":"page-builder","ast-site-content-layout":"full-width-container","site-content-style":"unboxed","site-sidebar-style":"unboxed","ast-global-header-display":"","ast-banner-title-visibility":"","ast-main-header-display":"","ast-hfb-above-header-display":"","ast-hfb-below-header-display":"","ast-hfb-mobile-header-display":"","site-post-title":"disabled","ast-breadcrumbs-content":"","ast-featured-img":"disabled","footer-sml-layout":"","ast-disable-related-posts":"","theme-transparent-header-meta":"disabled","adv-header-id-meta":"","stick-header-meta":"","header-above-stick-meta":"","header-main-stick-meta":"","header-below-stick-meta":"","astra-migrate-meta-layouts":"set","ast-page-background-enabled":"default","ast-page-background-meta":{"desktop":{"background-color":"","background-image":"","background-repeat":"repeat","background-position":"center center","background-size":"auto","background-attachment":"scroll","background-type":"","background-media":"","overlay-type":"","overlay-color":"","overlay-opacity":"","overlay-gradient":""},"tablet":{"background-color":"","background-image":"","background-repeat":"repeat","background-position":"center center","background-size":"auto","background-attachment":"scroll","background-type":"","background-media":"","overlay-type":"","overlay-color":"","overlay-opacity":"","overlay-gradient":""},"mobile":{"background-color":"","background-image":"","background-repeat":"repeat","background-position":"center center","background-size":"auto","background-attachment":"scroll","background-type":"","background-media":"","overlay-type":"","overlay-color":"","overlay-opacity":"","overlay-gradient":""}},"ast-content-background-meta":{"desktop":{"background-color":"var(--ast-global-color-4)","background-image":"","background-repeat":"repeat","background-position":"center center","background-size":"auto","background-attachment":"scroll","background-type":"","background-media":"","overlay-type":"","overlay-color":"","overlay-opacity":"","overlay-gradient":""},"tablet":{"background-color":"var(--ast-global-color-4)","background-image":"","background-repeat":"repeat","background-position":"center center","background-size":"auto","background-attachment":"scroll","background-type":"","background-media":"","overlay-type":"","overlay-color":"","overlay-opacity":"","overlay-gradient":""},"mobile":{"background-color":"var(--ast-global-color-4)","background-image":"","background-repeat":"repeat","background-position":"center center","background-size":"auto","background-attachment":"scroll","background-type":"","background-media":"","overlay-type":"","overlay-color":"","overlay-opacity":"","overlay-gradient":""}},"footnotes":""},"class_list":["post-1928","page","type-page","status-publish","hentry"],"_links":{"self":[{"href":"https:\/\/babilon.ba\/en\/wp-json\/wp\/v2\/pages\/1928","targetHints":{"allow":["GET"]}}],"collection":[{"href":"https:\/\/babilon.ba\/en\/wp-json\/wp\/v2\/pages"}],"about":[{"href":"https:\/\/babilon.ba\/en\/wp-json\/wp\/v2\/types\/page"}],"author":[{"embeddable":true,"href":"https:\/\/babilon.ba\/en\/wp-json\/wp\/v2\/users\/3"}],"replies":[{"embeddable":true,"href":"https:\/\/babilon.ba\/en\/wp-json\/wp\/v2\/comments?post=1928"}],"version-history":[{"count":311,"href":"https:\/\/babilon.ba\/en\/wp-json\/wp\/v2\/pages\/1928\/revisions"}],"predecessor-version":[{"id":11274,"href":"https:\/\/babilon.ba\/en\/wp-json\/wp\/v2\/pages\/1928\/revisions\/11274"}],"wp:attachment":[{"href":"https:\/\/babilon.ba\/en\/wp-json\/wp\/v2\/media?parent=1928"}],"curies":[{"name":"wp","href":"https:\/\/api.w.org\/{rel}","templated":true}]}}